{"id":284,"date":"2008-02-29T00:34:56","date_gmt":"2008-02-29T03:34:56","guid":{"rendered":"http:\/\/meiradarocha.jor.br\/news\/about\/politica-de-privacidade\/"},"modified":"2010-10-11T12:47:22","modified_gmt":"2010-10-11T15:47:22","slug":"politica-de-privacidade","status":"publish","type":"page","link":"https:\/\/meiradarocha.jor.br\/news\/sobre_midias_digitais\/politica-de-privacidade\/","title":{"rendered":"Pol\u00edtica de privacidade"},"content":{"rendered":"<p>Este site pode utilizar <em>cookies<\/em> e\/ou <em>web beacons<\/em> quando um usu\u00e1rio tem acesso \u00e0s p\u00e1ginas. Os <em>cookies<\/em> que podem ser utilizados associam-se (se for o caso) unicamente com o navegador de um determinado computador.<\/p>\n<p>Os <em>cookies<\/em> que s\u00e3o utilizados neste site podem ser instalados pelo mesmo, os quais s\u00e3o originados dos distintos servidores operados por este, ou a partir dos servidores de terceiros que prestam servi\u00e7os e instalam <em>cookies<\/em> e\/ou web <em>beacons<\/em> (por exemplo, os <em>cookies<\/em> que s\u00e3o empregados para prover servi\u00e7os de publicidade ou certos conte\u00fados atrav\u00e9s dos quais o usu\u00e1rio visualiza a publicidade ou conte\u00fados em tempo pr\u00e9 determinados). O usu\u00e1rio poder\u00e1 pesquisar o disco r\u00edgido de seu computador conforme instru\u00e7\u00f5es do pr\u00f3prio navegador.<\/p>\n<p>O usu\u00e1rio tem a possibilidade de configurar seu navegador para ser avisado, na tela do computador, sobre a recep\u00e7\u00e3o dos <em>cookies<\/em> e para impedir a sua instala\u00e7\u00e3o no disco r\u00edgido. As informa\u00e7\u00f5es pertinentes a esta configura\u00e7\u00e3o est\u00e3o dispon\u00edveis em instru\u00e7\u00f5es e manuais do pr\u00f3prio navegador.<\/p>\n","protected":false},"excerpt":{"rendered":"<p>Este site pode utilizar cookies e\/ou web beacons quando um usu\u00e1rio tem acesso \u00e0s p\u00e1ginas. Os cookies que podem ser utilizados associam-se (se for o caso) unicamente com o navegador [&hellip;]<\/p>\n","protected":false},"author":2,"featured_media":0,"parent":2,"menu_order":0,"comment_status":"closed","ping_status":"closed","template":"","meta":{"footnotes":""},"class_list":["post-284","page","type-page","status-publish","hentry"],"_links":{"self":[{"href":"https:\/\/meiradarocha.jor.br\/news\/wp-json\/wp\/v2\/pages\/284","targetHints":{"allow":["GET"]}}],"collection":[{"href":"https:\/\/meiradarocha.jor.br\/news\/wp-json\/wp\/v2\/pages"}],"about":[{"href":"https:\/\/meiradarocha.jor.br\/news\/wp-json\/wp\/v2\/types\/page"}],"author":[{"embeddable":true,"href":"https:\/\/meiradarocha.jor.br\/news\/wp-json\/wp\/v2\/users\/2"}],"replies":[{"embeddable":true,"href":"https:\/\/meiradarocha.jor.br\/news\/wp-json\/wp\/v2\/comments?post=284"}],"version-history":[{"count":0,"href":"https:\/\/meiradarocha.jor.br\/news\/wp-json\/wp\/v2\/pages\/284\/revisions"}],"up":[{"embeddable":true,"href":"https:\/\/meiradarocha.jor.br\/news\/wp-json\/wp\/v2\/pages\/2"}],"wp:attachment":[{"href":"https:\/\/meiradarocha.jor.br\/news\/wp-json\/wp\/v2\/media?parent=284"}],"curies":[{"name":"wp","href":"https:\/\/api.w.org\/{rel}","templated":true}]}}