{"id":2,"date":"2007-05-16T15:26:19","date_gmt":"2007-05-16T18:26:19","guid":{"rendered":""},"modified":"2023-10-11T05:01:02","modified_gmt":"2023-10-11T08:01:02","slug":"sobre_midias_digitais","status":"publish","type":"page","link":"https:\/\/meiradarocha.jor.br\/news\/sobre_midias_digitais\/","title":{"rendered":"Sobre o site"},"content":{"rendered":"<div class=\"wp-block-image\">\n<figure class=\"alignright\"><a href=\"http:\/\/www.meiradarocha.jor.br\/news\/wp-content\/uploads\/2007\/05\/meirafoto-leandro-facchini.jpg\"><img decoding=\"async\" src=\"http:\/\/www.meiradarocha.jor.br\/news\/wp-content\/uploads\/2007\/05\/meirafoto-leandro-facchini.jpg\" alt=\"Meira\"\/><\/a><figcaption class=\"wp-element-caption\">Foto de Meira por Leandro Facchini<\/figcaption><\/figure>\n<\/div>\n\n\n<p>Este site \u00e9 editado pelo jornalista e professor <strong>Jos\u00e9 Antonio Meira da Rocha<\/strong>, doutor em Design pela UFRGS mestre em M\u00eddias pela Unisinos, especialista em Inform\u00e1tica na Educa\u00e7\u00e3o pela Unisinos e professor de Jornalismo Online, Planejamento Gr\u00e1fico e M\u00eddias digitais na UFSM\/Campus Frederico Westphalen, RS, Brasil.<\/p>\n\n\n\n<p>Contato via <a href=\"mailto:\/\/joseantoniorocha@gmail.com\">email<\/a>, WhatsApp 55 98411-3047<\/p>\n\n\n\n<dl>\n<dt> \n<h3><strong>Atividades<\/strong><\/h3>\n<\/dt>\n<dd>Jornalista, radialista, designer de jornais, professor universit\u00e1rio.<\/dd>\n<dt>\n<h3><strong>Ocupa\u00e7\u00f5es atuais<\/strong><\/h3>\n<\/dt>\n<dd>Professor de Jornalismo de Dados.<\/dd>\n<dt>\n<h3><strong>Escolaridade na \u00e1rea profissional<\/strong><\/h3>\n<\/dt>\n<dd>\n<ul>\n<li>Graduado em <strong>Jornalismo Gr\u00e1fico e Audiovisual<\/strong> (UFRGS). Ingresso em 1979, sob o n\u00ba 0987\/79, e conclus\u00e3o em 1982.<br \/>Frente e verso do certificado:<br \/><a title=\"Diploma de gradua\u00e7\u00e3o de Jos\u00e9 Antonio Meira da Rocha - anverso\" href=\"http:\/\/www.meiradarocha.jor.br\/news\/wp-content\/uploads\/2007\/05\/diploma-graduao-anverso.jpg\"><img decoding=\"async\" src=\"http:\/\/www.meiradarocha.jor.br\/news\/wp-content\/uploads\/2007\/05\/diploma-graduao-anverso.thumbnail.jpg\" alt=\"Diploma de gradua\u00e7\u00e3o de Jos\u00e9 Antonio Meira da Rocha - anverso\"\/><\/a><a title=\"Diploma de gradua\u00e7\u00e3o de Jos\u00e9 Antonio Meira da Rocha - verso\" href=\"http:\/\/www.meiradarocha.jor.br\/news\/wp-content\/uploads\/2007\/05\/diploma-graduao-verso.jpg\"><img decoding=\"async\" src=\"http:\/\/www.meiradarocha.jor.br\/news\/wp-content\/uploads\/2007\/05\/diploma-graduao-verso.thumbnail.jpg\" alt=\"Diploma de gradua\u00e7\u00e3o de Jos\u00e9 Antonio Meira da Rocha - verso\"\/><\/a><\/li>\n<li>Especialista em <strong>Inform\u00e1tica na Educa\u00e7\u00e3o<\/strong> pela Unisinos, em 1997.<br \/>Frente e verso do certificado:<br \/><a title=\"Certificado de Especialista em Inform\u00e1tica na Educa\u00e7\u00e3o - anverso\" href=\"http:\/\/www.meiradarocha.jor.br\/news\/wp-content\/uploads\/2007\/05\/diploma-especializao-anverso.jpg\"><img decoding=\"async\" src=\"http:\/\/www.meiradarocha.jor.br\/news\/wp-content\/uploads\/2007\/05\/diploma-especializao-anverso.thumbnail.jpg\" alt=\"Certificado de Especialista em Inform\u00e1tica na Educa\u00e7\u00e3o - anverso\"\/><\/a><a title=\"Certificado de Especialista em inform\u00e1tica na Educa\u00e7\u00e3o - Verso\" href=\"http:\/\/www.meiradarocha.jor.br\/news\/wp-content\/uploads\/2007\/05\/diploma-especializao-verso.jpg\"><img decoding=\"async\" src=\"http:\/\/www.meiradarocha.jor.br\/news\/wp-content\/uploads\/2007\/05\/diploma-especializao-verso.thumbnail.jpg\" alt=\"Certificado de Especialista em inform\u00e1tica na Educa\u00e7\u00e3o - Verso\"\/><\/a><\/li>\n<li><strong> Mestre em Ci\u00eancias da Comunica\u00e7\u00e3o<\/strong> pelo Programa de P\u00f3s-Gradua\u00e7\u00e3o em Ci\u00eancias da Comunica\u00e7\u00e3o da Unisinos, em 2003, com a pesquisa &#8220;<a title=\"Espa\u00e7o e tempo no jornalismo online\" href=\"http:\/\/meiradarocha.jor.br\/news\/wp-content\/uploads\/2007\/11\/dissert-2007-04-18b.pdf\">Espa\u00e7o e tempo no jornalismo online<\/a>&#8220;.<br \/>Frente e verso do certificado:<br \/><a title=\"Certificado de Mestre em M\u00eddias de Jos\u00e9 Antonio Meira da Rocha - anverso\" href=\"http:\/\/www.meiradarocha.jor.br\/news\/wp-content\/uploads\/2007\/05\/diploma-mestrado-anverso.jpg\"><img decoding=\"async\" src=\"http:\/\/www.meiradarocha.jor.br\/news\/wp-content\/uploads\/2007\/05\/diploma-mestrado-anverso.thumbnail.jpg\" alt=\"Certificado de Mestre em M\u00eddias de Jos\u00e9 Antonio Meira da Rocha - anverso\"\/><\/a><a title=\"Certificado de Mestre em M\u00e9dias de Jos\u00e9 Antonio Meira da Rocha - verso\" href=\"http:\/\/www.meiradarocha.jor.br\/news\/wp-content\/uploads\/2007\/05\/diploma-mestrado-verso.jpg\"><img decoding=\"async\" src=\"http:\/\/www.meiradarocha.jor.br\/news\/wp-content\/uploads\/2007\/05\/diploma-mestrado-verso.thumbnail.jpg\" alt=\"Certificado de Mestre em M\u00eddias de Jos\u00e9 Antonio Meira da Rocha - verso\"\/><\/a><\/li>\n<li><strong>Doutorando em Design<\/strong> na PGDesign\/Ufrgs, Porto Alegre, RS, Brasil.<\/li>\n<li><a href=\"http:\/\/buscatextual.cnpq.br\/buscatextual\/visualizacv.do?id=K4778474A6\">Curr\u00edculo Lattes<\/a><\/li>\n<\/ul>\n<\/dd>\n<dt>\n<h3><strong>Experi\u00eancia profissional com v\u00ednculo empregat\u00edcio<\/strong><\/h3>\n<\/dt>\n<dd>\n<dl>\n<dt><strong>2008-atual<\/strong><\/dt>\n<dd>Professor de Jornalismo na Universidade Federal de Santa Maria no campus Frederico Westphalen, RS, (UFSM\/FW), trabalhando com a disciplina de Jornalismo de Dados.<\/dd>\n<dt><strong>2007<\/strong><\/dt>\n<dd>Professor de Jornalismo do IPA Metodista, trabalhando com Produ\u00e7\u00e3o e Projeto Gr\u00e1fico e Editorial.<\/dd>\n<dt><\/dt>\n<dt><strong>2004-2006<\/strong><\/dt>\n<dd>Professor de Jornalismo da Univates.<\/dd>\n<dt><strong>1993-2005<\/strong><\/dt>\n<dd>Professor das disciplinas do curso de Comunica\u00e7\u00e3o da UNISINOS, trabalhando com Introdu\u00e7\u00e3o \u00e0 Telem\u00e1tica, T\u00e9cnica de Videotexto, Prepara\u00e7\u00e3o e Revis\u00e3o de Originais para Impress\u00e3o, Planejamento Gr\u00e1fico, Jornalismo Online.<\/dd>\n<dt><strong>1995 <\/strong><\/dt>\n<dd>Editor de Arte do Jornal do Com\u00e9rcio. Implanta\u00e7\u00e3o do conceito de pr\u00e9-diagrama\u00e7\u00e3o no processo produtivo do ve\u00edculo. Treinamento de diagramadores nos programas PageMaker 5.0, Ventura 5.0, Corel DRAW! 5.0, QuarkXPress 3.1.<\/dd>\n<dt><strong>1990-1993<\/strong><\/dt>\n<dd>Editor de Arte Comercial do jornal Zero Hora, da Rede Brasil Sul de Comunica\u00e7\u00e3o. Cria\u00e7\u00e3o padr\u00f5es gr\u00e1ficos para an\u00fancios, treinamento de diagramadores em editora\u00e7\u00e3o eletr\u00f4nica (programas Windows Ventura Publisher, PageMaker, Corel DRAW!). Supervis\u00e3o de rede de microcomputadores, padr\u00e3o Novell.<\/dd>\n<dt><strong>1987<\/strong><\/dt>\n<dd>Editor setorial de Ci\u00eancia &amp; Tecnologia da ag\u00eancia de not\u00edcias por videotexto Brasil Hoje News Service, exercendo tamb\u00e9m as atividades de editora\u00e7\u00e3o eletr\u00f4nica e programa\u00e7\u00e3o gr\u00e1fica em videotexto.<\/dd>\n<dt><strong>1986 <\/strong><\/dt>\n<dd>Produtor executivo da TV Pampa de Porto Alegre, exercendo as fun\u00e7\u00f5es de redator, pauteiro, editor de v\u00eddeo-tape, programador gr\u00e1fico de v\u00eddeo e projetista de programa\u00e7\u00e3o.<\/dd>\n<dt><strong>1982<\/strong><\/dt>\n<dd>Redator da R\u00e1dio Atl\u00e2ntida FM de Porto Alegre.<\/dd>\n<\/dl>\n<\/dd>\n<dt>\n<h3><strong>Experi\u00eancia sem v\u00ednculo empregat\u00edcio<\/strong><\/h3>\n<\/dt>\n<dd>Programa\u00e7\u00e3o assembly de processadores 6502, Z80 e x86. Programa\u00e7\u00e3o em linguagens PostScript, Mumps, Forth, Logo, Rebol, Python e JavaScript. Programa\u00e7\u00e3o em linguagem de banco de dados MySQL. Configura\u00e7\u00e3o de servidores Apache e servidores especializados (em linguagem Rebol). Conhecimento avan\u00e7ado de sistemas operacionais MS-DOS, OS\/2, Linux, Macintosh, BeOS, Windows. Desenvolvimento de ambientes com Content Management Systems (CMS) Mambo, WebGUI, WordPress. Produ\u00e7\u00e3o de m\u00eddias digitais (\u00e1udio e v\u00eddeo, 3D, estereografia).<\/dd>\n<dt>\n<h3><strong>Projetos mais recentes<\/strong><\/h3>\n<\/dt>\n<dd>\n<ul>\n<li><a href=\"http:\/\/jcrs.uol.com.br\/pagCapa.php3\">Jornal do Com\u00e9rcio<\/a>, de Porto Alegre, RS, Brasil (1995, 1999). Projeto gr\u00e1fico de jornal de papel.<\/li>\n<li><a href=\"http:\/\/www.jornalodiario.com.br\/capa\/index.asp\">O Di\u00e1rio<\/a>, de Primavera do Leste, MT, Brasil (2002). Projeto gr\u00e1fico de jornal de papel.<\/li>\n<li><a href=\"http:\/\/www2.uol.com.br\/jornallimeira\/\">Jornal de Limeira<\/a>, Limeira, SP (2000). Projeto gr\u00e1fico de jornal de papel.<\/li>\n<\/ul>\n<\/dd>\n<dt>\n<h3><strong>Endere\u00e7os para contato<\/strong><\/h3>\n<\/dt>\n<dd><address><strong>Mail:<\/strong>&lt;<a href=\"mailto:\/\/joseantonio@meiradarocha.jor.br\/\">joseantonio@meiradarocha.jor.br<\/a>&gt;, &lt;<a title=\"Email do Meira\" href=\"mailto:\/\/joseantoniorocha@gmail.com\">joseantoniorocha@gmail.com<\/a>&gt;<br \/>&lt;<a href=\"http:\/\/www.meiradarocha.jor.br\/\">http:\/\/www.meiradarocha.jor.br<\/a>&gt;<br \/><strong>ICQ:<\/strong> 658222<\/address><address><strong>Skype:<\/strong> meiradarocha_jor (Voz por IP)<br \/><strong>Google Hangout:&nbsp; <\/strong><a href=\"mailto:joseantoniorocha@gmail.com\">joseantoniorocha@gmail.com<\/a><\/address><\/dd>\n<\/dl>\n\n\n\n<hr class=\"wp-block-separator has-alpha-channel-opacity\"\/>\n\n\n\n<p>Leia a <a href=\"http:\/\/meiradarocha.jor.br\/news\/about\/politica-de-privacidade\/\">Pol\u00edtica de Privacidade do site<\/a>.<\/p>\n","protected":false},"excerpt":{"rendered":"<p>Este site \u00e9 editado pelo jornalista e professor Jos\u00e9 Antonio Meira da Rocha, doutor em Design pela UFRGS mestre em M\u00eddias pela Unisinos, especialista em Inform\u00e1tica na Educa\u00e7\u00e3o pela Unisinos [&hellip;]<\/p>\n","protected":false},"author":2,"featured_media":0,"parent":0,"menu_order":2,"comment_status":"open","ping_status":"open","template":"","meta":{"footnotes":""},"class_list":["post-2","page","type-page","status-publish","hentry"],"_links":{"self":[{"href":"https:\/\/meiradarocha.jor.br\/news\/wp-json\/wp\/v2\/pages\/2","targetHints":{"allow":["GET"]}}],"collection":[{"href":"https:\/\/meiradarocha.jor.br\/news\/wp-json\/wp\/v2\/pages"}],"about":[{"href":"https:\/\/meiradarocha.jor.br\/news\/wp-json\/wp\/v2\/types\/page"}],"author":[{"embeddable":true,"href":"https:\/\/meiradarocha.jor.br\/news\/wp-json\/wp\/v2\/users\/2"}],"replies":[{"embeddable":true,"href":"https:\/\/meiradarocha.jor.br\/news\/wp-json\/wp\/v2\/comments?post=2"}],"version-history":[{"count":7,"href":"https:\/\/meiradarocha.jor.br\/news\/wp-json\/wp\/v2\/pages\/2\/revisions"}],"predecessor-version":[{"id":6185,"href":"https:\/\/meiradarocha.jor.br\/news\/wp-json\/wp\/v2\/pages\/2\/revisions\/6185"}],"wp:attachment":[{"href":"https:\/\/meiradarocha.jor.br\/news\/wp-json\/wp\/v2\/media?parent=2"}],"curies":[{"name":"wp","href":"https:\/\/api.w.org\/{rel}","templated":true}]}}