{"id":27,"date":"2009-06-30T20:10:27","date_gmt":"2009-06-30T20:10:27","guid":{"rendered":"http:\/\/tcc.meiradarocha.jor.br\/?page_id=3"},"modified":"2012-07-25T17:09:40","modified_gmt":"2012-07-25T20:09:40","slug":"modelos-de-tcc-e-monografia-conforme-abnt","status":"publish","type":"page","link":"https:\/\/meiradarocha.jor.br\/news\/tcc\/modelos-de-tcc-e-monografia-conforme-abnt\/","title":{"rendered":"Modelos de TCC conforme ABNT"},"content":{"rendered":"<p>Baixe gratuitamente <strong>modelos de TCC padronizados pela ABNT, normas mais atualizadas,<\/strong> para BrOffice e MS Word, al\u00e9m de arquivos digitais com <strong>fichas bibliogr\u00e1ficas<\/strong> para voc\u00ea come\u00e7ar seu <strong>Trabalho de Conclus\u00e3o de Curso (TCC)<\/strong> ou sua <strong>monografia<\/strong>. Tamb\u00e9m leia, neste site:<\/p>\n<ul>\n<li><a href=\"http:\/\/meiradarocha.jor.br\/news\/tcc\/category\/tcc\/\">Dicas para seu TCC<\/a><\/li>\n<li><a href=\"http:\/\/meiradarocha.jor.br\/news\/tcc\/2010\/10\/17\/a-estrutura-do-trabalho-cientifico\/\">Como estruturar seu trabalho de conclus\u00e3o de curso<\/a><\/li>\n<li><a href=\"http:\/\/meiradarocha.jor.br\/news\/tcc\/2009\/06\/30\/dicas_para_apresentacao_na_defesa_do_tcc\/\">Como fazer a apresenta\u00e7\u00e3o \u00e0 banca<\/a>.<\/li>\n<\/ul>\n<p>Antes de come\u00e7ar o TCC, <strong><span style=\"color: #ff0000;\">fale com a professora orientadora. <\/span><\/strong>Se ainda n\u00e3o tiver orienta\u00e7\u00e3o, fale com a coordena\u00e7\u00e3o do seu curso para conseguir uma. Se voc\u00ea n\u00e3o sabe como fazer um TCC, isto \u00e9 falta de orienta\u00e7\u00e3o. Lembre-se de que voc\u00ea est\u00e1 pagando por estes servi\u00e7os. \u00c9 um direito seu. <strong><span style=\"color: #ff0000;\">N\u00e3o \u00e9 poss\u00edvel se fazer um TCC sem orienta\u00e7\u00e3o<\/span><\/strong>.<\/p>\n<p>Pegue tamb\u00e9m as <strong>fichas bibliogr\u00e1ficas<\/strong> e <strong>fichas de leitura<\/strong> em PDF e LibreOffice. Sempre que for ler um livro ou pesquisar na biblioteca, leve as fichas e preencha-as, para n\u00e3o perder tempo procurando cita\u00e7\u00f5es mais tarde.<!--more--><\/p>\n<p>Recomendo expressamente que voc\u00ea use o <a href=\"http:\/\/www.libreoffice.org.br\/\">LibreOffice gratuito<\/a> para escrever seu <strong>TCC <\/strong>ou <strong>monografia<\/strong>. Al\u00e9m de ser <strong>mais f\u00e1cil de usar<\/strong>, quando voc\u00ea instala o OpenOffice <strong>ele \u00e9 seu.<\/strong> Quando voc\u00ea compra a licen\u00e7a do MS Word, ele n\u00e3o \u00e9 seu, <strong>continua sendo da Microsoft<\/strong>. Proteja e difunda a propriedade usando softwares livres e de c\u00f3digo aberto. Voc\u00ea sentir\u00e1 dificuldades no in\u00edcio, porque os comandos est\u00e3o em lugares um pouco diferentes de onde est\u00e3o no MS Word. Mas, em pouco tempo, voc\u00ea se acostumar\u00e1.<\/p>\n<h3>Fa\u00e7a a refer\u00eancia ao modelo de TCC ABNT<\/h3>\n<p>Caso voc\u00ea usar estes modelos de <strong>monografia<\/strong> e <strong>TCC<\/strong> conforme <strong>ABNT<\/strong>, deve colocar refer\u00eancia a eles em seu trabalho. Copie e cole em seu trabalho a <strong>refer\u00eancia dos arquivos abaixo<\/strong>. Na metodologia de seu trabalho tamb\u00e9m cite o uso dos arquivos. Em meio ao texto, a cita\u00e7\u00e3o tem a forma <strong>&#8220;(ROCHA, 2006)&#8221;<\/strong>. A refer\u00eancia bibliogr\u00e1fica completa j\u00e1 est\u00e1 no formato correto para ser inserida na se\u00e7\u00e3o de bibliografia de seu TCC. Basta selecionar o texto, dar um <kbd>CTRL<\/kbd>+<kbd>C<\/kbd>, clicar no seu trabalho, dar um <kbd>CTRL<\/kbd>+<kbd>V<\/kbd> e formatar com o estilo &#8220;Bibliografia&#8221; ou &#8220;Refer\u00eancias Bibliogr\u00e1ficas&#8221;.<\/p>\n<h3>Cita\u00e7\u00e3o bibliogr\u00e1fica para o modelo de monografia e TCC em formato LibreOffice<\/h3>\n<blockquote><p>ROCHA, Jos\u00e9 Antonio Meira da. <strong>Modelo de monografia e Trabalho de Conclus\u00e3o de Curso (TCC).<\/strong> Documento digital do programa <a href=\"http:\/\/openoffice.org\/\">Openoffice.org<\/a> vers\u00e3o 2, dispon\u00edvel em: &lt;<a href=\"http:\/\/meiradarocha.jor.br\/news\/tcc\/files\/2009\/06\/modelo_tcc-2011-11-23a.ott\">http:\/\/meiradarocha.jor.br\/news\/tcc\/files\/2009\/06\/modelo_tcc-2011-11-23a.ott<\/a>&gt;. Acesso em: [data_atual].<\/p><\/blockquote>\n<h3>Cita\u00e7\u00e3o bibliogr\u00e1fica para o modelo de monografia e TCC em formato MS Word<\/h3>\n<blockquote><p>ROCHA, Jos\u00e9 Antonio Meira da. <strong>Modelo de monografia e Trabalho de Conclus\u00e3o de Curso (TCC).<\/strong> Documento digital do programa MS Word dispon\u00edvel em &lt;<a href=\"http:\/\/meiradarocha.jor.br\/news\/tcc\/files\/2009\/06\/modelo_tcc-2011-11-23a.doc_.zip\">http:\/\/meiradarocha.jor.br\/news\/tcc\/files\/2009\/06\/modelo_tcc-2011-11-23a.doc_.zip<\/a>&gt;. Acesso em: [data_atual].<\/p><\/blockquote>\n<h3>Cita\u00e7\u00e3o bibliogr\u00e1fica para a ficha Bibliogr\u00e1fica<\/h3>\n<blockquote><p>ROCHA, Jos\u00e9 Antonio Meira da. <strong>Modelo de Ficha bibliogr\u00e1fica e de leitura.<\/strong> Documento digital em formato PDF dispon\u00edvel em &lt;<a title=\"Ficha bibliogr\u00e1fica e ficha de leitura para TCC e monografia\" href=\"http:\/\/www.meiradarocha.jor.br\/news\/wp-content\/uploads\/2007\/09\/fichas-bibliograficas-e-de-leitura1.pdf\">http:\/\/www.meiradarocha.jor.br\/ news\/ wp-content\/ uploads\/ 2007\/09\/ fichas-bibliograficas-e-de-leitura1.pdf<\/a>&gt;. Acesso em: [data_atual].<\/p><\/blockquote>\n<h3>Download dos modelos de TCC e monografia<\/h3>\n<ul>\n<li>Baixe o <a href=\"http:\/\/meiradarocha.jor.br\/news\/tcc\/files\/2009\/06\/modelo_tcc-2011-11-23a.ott\">Modelo de TCC OpenDocument (OpenOffice, LibreOffice, AbiWord)<\/a><\/li>\n<li>Baixe o <a href=\"http:\/\/meiradarocha.jor.br\/news\/tcc\/files\/2009\/06\/modelo_tcc-2011-11-23a.doc_.zip\">Modelo de TCC para MS Word 2000 (zipado)<\/a>. Convers\u00e3o feita pelo LibreOffice. Como o MS Word tem um formato fechado, a convers\u00e3o pode ser imperfeita. \u00c9 altamente recomend\u00e1vel que voc\u00ea use o LibreOffice, que usa formato aberto.<\/li>\n<li>Baixe o <a title=\"Modelo de projeto de TCC OpenDocument (OpenOffice, BROffice)\" href=\"http:\/\/www.meiradarocha.jor.br\/news\/wp-content\/uploads\/2007\/09\/modelo_de_projeto_de_tcc-2006-09-11a.ott\">Modelo de <strong>projeto<\/strong> de TCC OpenDocument (OpenOffice, LibreOffice)<\/a><\/li>\n<li>Baixe o <a title=\"Modelo de projeto de TCC para MS Word (zipado)\" href=\"http:\/\/www.meiradarocha.jor.br\/news\/wp-content\/uploads\/2007\/09\/modelo_de_projeto_de_tcc-2006-09-11a.zip\">Modelo de <strong>projeto<\/strong> de TCC para MS Word (zipado)<\/a><\/li>\n<li>Baixe as <a title=\"Fichas bibliogr\u00e1ficas e de leitura OpenDocument (OpenOffice, BROffice)\" href=\"http:\/\/www.meiradarocha.jor.br\/news\/wp-content\/uploads\/2007\/09\/fichas-bibliograficas-e-de-leitura.odt\">Fichas bibliogr\u00e1ficas e de leitura OpenDocument (OpenOffice, LibreOffice)<\/a><\/li>\n<li>Baixe as <a title=\"Fichas bibliogr\u00e1ficas e de leitura PDF\" href=\"http:\/\/www.meiradarocha.jor.br\/news\/wp-content\/uploads\/2007\/09\/fichas-bibliograficas-e-de-leitura1.pdf\">Fichas bibliogr\u00e1ficas e de leitura PDF<\/a><\/li>\n<\/ul>\n<h3>Leia mais<\/h3>\n<ul>\n<li><a href=\"http:\/\/meiradarocha.jor.br\/news\/tcc\/\">Trabalhos de Conclus\u00e3o de Curso (TCC) e artigos cient\u00edficos e acad\u00eamicos<\/a>.<\/li>\n<\/ul>\n","protected":false},"excerpt":{"rendered":"<p>Baixe gratuitamente modelos de TCC padronizados pela ABNT, normas mais atualizadas, para BrOffice e MS Word, al\u00e9m de arquivos digitais com fichas bibliogr\u00e1ficas para voc\u00ea come\u00e7ar seu Trabalho de Conclus\u00e3o [&hellip;]<\/p>\n","protected":false},"author":2,"featured_media":0,"parent":0,"menu_order":0,"comment_status":"open","ping_status":"open","template":"","meta":{"footnotes":""},"class_list":["post-27","page","type-page","status-publish","hentry"],"_links":{"self":[{"href":"https:\/\/meiradarocha.jor.br\/news\/tcc\/wp-json\/wp\/v2\/pages\/27","targetHints":{"allow":["GET"]}}],"collection":[{"href":"https:\/\/meiradarocha.jor.br\/news\/tcc\/wp-json\/wp\/v2\/pages"}],"about":[{"href":"https:\/\/meiradarocha.jor.br\/news\/tcc\/wp-json\/wp\/v2\/types\/page"}],"author":[{"embeddable":true,"href":"https:\/\/meiradarocha.jor.br\/news\/tcc\/wp-json\/wp\/v2\/users\/2"}],"replies":[{"embeddable":true,"href":"https:\/\/meiradarocha.jor.br\/news\/tcc\/wp-json\/wp\/v2\/comments?post=27"}],"version-history":[{"count":8,"href":"https:\/\/meiradarocha.jor.br\/news\/tcc\/wp-json\/wp\/v2\/pages\/27\/revisions"}],"predecessor-version":[{"id":250,"href":"https:\/\/meiradarocha.jor.br\/news\/tcc\/wp-json\/wp\/v2\/pages\/27\/revisions\/250"}],"wp:attachment":[{"href":"https:\/\/meiradarocha.jor.br\/news\/tcc\/wp-json\/wp\/v2\/media?parent=27"}],"curies":[{"name":"wp","href":"https:\/\/api.w.org\/{rel}","templated":true}]}}